{"id":1430,"date":"2023-11-10T12:53:23","date_gmt":"2023-11-10T11:53:23","guid":{"rendered":"https:\/\/www.aliberico.com\/politica-de-cookies\/"},"modified":"2025-01-21T12:33:51","modified_gmt":"2025-01-21T11:33:51","slug":"cookies","status":"publish","type":"page","link":"https:\/\/www.aliberico.com\/de\/cookies\/","title":{"rendered":"Cookies"},"content":{"rendered":"\t\t<div data-elementor-type=\"wp-page\" data-elementor-id=\"1430\" class=\"elementor elementor-1430 elementor-30\" data-elementor-settings=\"{&quot;ha_cmc_init_switcher&quot;:&quot;no&quot;}\" data-elementor-post-type=\"page\">\n\t\t\t\t<div class=\"elementor-element elementor-element-2f46f9e e-flex e-con-boxed e-con e-parent\" data-id=\"2f46f9e\" data-element_type=\"container\" data-settings=\"{&quot;_ha_eqh_enable&quot;:false}\">\n\t\t\t\t\t<div class=\"e-con-inner\">\n\t\t\t\t<div class=\"elementor-element elementor-element-fe00460 elementor-widget elementor-widget-elementskit-heading\" data-id=\"fe00460\" data-element_type=\"widget\" data-widget_type=\"elementskit-heading.default\">\n\t\t\t\t<div class=\"elementor-widget-container\">\n\t\t\t\t\t<div class=\"ekit-wid-con\" ><div class=\"ekit-heading elementskit-section-title-wraper text_left   ekit_heading_tablet-   ekit_heading_mobile-text_center\"><h2 class=\"ekit-heading--title elementskit-section-title \">Cookie-Richtlinien<\/h2><div class=\"ekit_heading_separetor_wraper ekit_heading_elementskit-border-divider elementskit-style-long\"><div class=\"elementskit-border-divider elementskit-style-long\"><\/div><\/div><\/div><\/div>\t\t\t\t<\/div>\n\t\t\t\t<\/div>\n\t\t\t\t<div class=\"elementor-element elementor-element-7ed20b5 elementor-widget elementor-widget-text-editor\" data-id=\"7ed20b5\" data-element_type=\"widget\" data-widget_type=\"text-editor.default\">\n\t\t\t\t<div class=\"elementor-widget-container\">\n\t\t\t\t\t\t\t\t\t<section class=\"av_textblock_section av-9n9fz-87a3073387800d421e7dcecd7e1354d2 \">\n<div class=\"avia_textblock\">\n<div class=\"layoutArea\">\n<div class=\"column\"><section class=\"av_textblock_section av-k8zn8q3n-81937d79de6cf14b004b6a9fb2c7cdf1 \">\n<div class=\"avia_textblock\">\n<p data-syno-style=\"{\" data-syno-marks=\"[{\"><span data-syno-text=\"true\"><u>Was ist ein Cookie?<\/u><\/span><\/p>\n<p data-syno-style=\"{\" data-syno-marks=\"[{\"><span data-syno-text=\"true\">Ein Cookie ist eine Textdatei, die auf Ihren PC heruntergeladen wird, wenn Sie auf bestimmte Webseiten zugreifen. Die Cookies erm\u00f6glichen es, einer Webseite (unter anderem) Informationen \u00fcber die Surfgewohnheiten eines Benutzers oder seines Teams zu speichern und abzurufen. Dies h\u00e4ngt von den darin enthaltenen Informationen und der Art und Weise ab, wie Ihre Ger\u00e4te verwendet werden, um sie zu erkennen.<\/span><\/p>\n<p data-syno-style=\"{\" data-syno-marks=\"[{\"><span data-syno-text=\"true\">Diese Medien erhalten jedoch nur Informationen \u00fcber die Anzahl der Besuche, die Stadt, auf die auf die IP-Adresse zugegriffen wird, die Anzahl der neuen Benutzer, die H\u00e4ufigkeit und R\u00fcckf\u00e4lligkeit von Besuchen, die Besuchszeit, der Browser, Betreiber oder Typ des Terminals, von dem aus der Besuch erfolgt. In keinem Fall werden Daten \u00fcber den Namen, den Nachnamen, die Postanschrift oder andere \u00e4hnliche Daten des Benutzers erhalten, der eine Verbindung hergestellt hat.<\/span><\/p>\n<p data-syno-style=\"{\" data-syno-marks=\"[{\"><span data-syno-text=\"true\"><u>Welche Arten von Cookies gibt es?<\/u><\/span><\/p>\n<p data-syno-style=\"{\" data-syno-marks=\"[{\"><span data-syno-text=\"true\">Sie k\u00f6nnen eigenen Cookies oder Third-Party Cookies sein. Eigenen Cookies sind diejenigen, die von einem PC oder einer Dom\u00e4ne, die vom Webeditor selbst verwaltet wird, an den PC des Benutzers gesendet werden, von dem aus der vom Benutzer angeforderte Dienst bereitgestellt wird. Die Third-Party Cookies sind diejenigen, die von einem PC oder einer Dom\u00e4ne an das Endger\u00e4t des Benutzers gesendet werden, die nicht vom Herausgeber verwaltet wird, sondern von einer anderen Grundlage, die die durch Cookies erhaltenen Daten verarbeitet.<\/span><\/p>\n<p data-syno-style=\"{\" data-syno-marks=\"[{\"><span data-syno-text=\"true\">Dar\u00fcber hinaus k\u00f6nnen Session-Cookies oder Persistente Cookies sein. Die Session-Cookies sind eine Art von Cookies, mit denen Daten gesammelt und gespeichert werden, w\u00e4hrend der Benutzer auf eine Webseite zugreift. Die Persistente Cookies sind eine Art von Cookies, bei dem die im Terminal gespeicherten Daten gespeichert bleiben und f\u00fcr einen von der f\u00fcr das Cookie verantwortlichen Person festgelegten Zeitraum abgerufen und verarbeitet werden k\u00f6nnen. Dieser Zeitraum kann zwischen einigen Minuten und mehreren Jahren liegen.<\/span><\/p>\n<p data-syno-style=\"{\" data-syno-marks=\"[{\"><span data-syno-text=\"true\"><u>Wer ist f\u00fcr die Behandlung von Cookies auf dieser Webseite verantwortlich?<\/u><\/span><\/p>\n<p data-syno-style=\"{\" data-syno-marks=\"[{\"><span data-syno-text=\"true\">Der Inhaber der Webseite und der Verantwortliche f\u00fcr die Behandlung der hier verwendeten Cookies sowie deren Kontaktinformationen sind im\u00a0<\/span><span data-syno-text=\"true\"><strong>Rechtlicher Hinweis<\/strong><\/span><span data-syno-text=\"true\">\u00a0auf dieser Seite zug\u00e4nglich. Ebenso k\u00f6nnen andere Third-Party Cookies als der Eigent\u00fcmer dieser Webseite vorhanden sein.<\/span><\/p>\n<p data-syno-style=\"{\" data-syno-marks=\"[{\"><span data-syno-text=\"true\"><u>Wie werden die Cookies von dieser Webseite verwendet?<\/u><\/span><\/p>\n\n<\/div>\n<\/section><section class=\"avia_codeblock_section avia_code_block_0\">\n<div class=\"avia_codeblock \">\n<table class=\"cookies-table\">\n<thead>\n<tr>\n<th>Eigene\/\nDritte<\/th>\n<th>Dom\u00e4en, denen Cookies zugeordnet sind<\/th>\n<th>Cookiesart entsprechend seinem Zweck<\/th>\n<th>Beschreibung<\/th>\n<th>Ablauf der einmal installierten Cookies<\/th>\n<\/tr>\n<\/thead>\n<tbody>\n<tr>\n<td>Eigene<\/td>\n<td>www.aliberico.com<\/td>\n<td>Technische<\/td>\n<td>Mit diesen k\u00f6nnen Sie das Benutzerverhalten von einer Seite zur anderen verfolgen, sodass Sie nicht nach mehr Informationen als zuvor angegeben gefragt werden.<\/td>\n<td>Session<\/td>\n<\/tr>\n<tr>\n<td rowspan=\"4\">Dritte<\/td>\n<td>www.google.com\nwww.youtube.com\nwww.maps.google.com<\/td>\n<td>Personalisierung<\/td>\n<td>Sie erm\u00f6glichen es, eine personalisierte Erfahrung des Inhalts von dieser Webseite (z. B. Sprache) zu bitten, relevante Inhalte f\u00fcr den Benutzer zu zeigen und Nachtrichten oder Warnungen, die Sie fordern, zu senden. Wenn sie nicht akzeptiert werden, wird die Navigation stattfinden, aber ohne Ber\u00fccksichtigung von Vorlieben.<\/td>\n<td>10 Minuten &#8211; 2 Jahren<\/td>\n<\/tr>\n<tr>\n<td>www.google.com\/analytics\nwww.youtube.com<\/td>\n<td>Analyse<\/td>\n<td>Sie erm\u00f6glichen es, die Anzahl der Benutzer zu quantifizieren und ihre Navigation zu untersuchen. Auf diese Weise k\u00f6nnen sie die Nutzung der Webseite statistisch messen und analysieren, um den Inhalt und den Dienst durch die Webseite zu verbessern. Sie k\u00f6nnen eigenen Cookies oder Third-Party Cookies sein. Wenn sie nicht akzeptiert werden, wird die angegebene Analyse einfach nicht durchgef\u00fchrt.<\/td>\n<td>Session &#8211; 2 Jahren<\/td>\n<\/tr>\n<tr>\n<td>www.linkedin.com\nwww.facebook.com\nwww.twitter.com\nwww.addthis.com<\/td>\n<td>Soziale Netzwerke<\/td>\n<td>Sie erm\u00f6glichen es Ihnen, mit Ihrem sozialen Netzwerk in Kontakt zu sein, Inhalte zu teilen, Kommentare zu senden und zu verbreiten. Wenn sie nicht akzeptiert werden, ist es nicht m\u00f6glich, von dieser Webseite aus eine Verbindung zu sozialen Netzwerken herzustellen.<\/td>\n<td>Session &#8211; 2 Jahren<\/td>\n<\/tr>\n<tr>\n<td>www.doubleclick.com<\/td>\n<td>Werbung<\/td>\n<td>Sie erm\u00f6glichen die Verwaltung und Optimierung der Werbung, die der Nutzer erh\u00e4lt, beispielsweise welche Anzeigen f\u00fcr ihn am relevantesten sind oder mit welcher H\u00e4ufigkeit sie ihm gezeigt werden. Sie k\u00f6nnen eigenen Cookies oder Third-Party Cookies sein. Wenn sie nicht akzeptiert werden, wird die Werbung, die weiterhin angezeigt wird, nicht personalisiert sein.<\/td>\n<td>1 Jahren und 7 Monaten<\/td>\n<\/tr>\n<\/tbody>\n<\/table>\n<\/div>\n<\/section><section class=\"av_textblock_section av-k8zn8q3n-81937d79de6cf14b004b6a9fb2c7cdf1 \">\n<div class=\"avia_textblock\">\n<p data-syno-style=\"{\" data-syno-marks=\"[{\"><span data-syno-text=\"true\"><u>Was ist die Legitimation f\u00fcr die Verwendung von Cookies?<\/u><\/span><\/p>\n<p data-syno-style=\"{\" data-syno-marks=\"[{\"><span data-syno-text=\"true\">Technische Cookies, das hei\u00dft solche, die f\u00fcr das Durchsuchen dieser Website und den Erhalt des \u00fcber sie angebotenen Dienstes unerl\u00e4sslich sind, haben die Rechtsgrundlage in die Vereinbarung, \u00fcber die Sie sich entscheiden, diese Website und ihre Dienste zu nutzen.<\/span><\/p>\n<p data-syno-style=\"{\" data-syno-marks=\"[{\"><span data-syno-text=\"true\">\u00a0<\/span><\/p>\n<p data-syno-style=\"{\" data-syno-marks=\"[{\"><span data-syno-text=\"true\">Rechtsgrundlage f\u00fcr die Verwendung anderer Cookies ist die Einwilligung des Nutzers, die zum Zeitpunkt des Zugriffs auf diese Website angefordert wird und jederzeit widerrufen werden kann. Der Widerruf dieser Einwilligung hat keine Auswirkungen auf die M\u00f6glichkeit, auf dieser Website zu surfen und ihre Dienste zu nutzen. Die zuvor durchgef\u00fchrte Datenverarbeitung verliert jedoch nicht ihre Rechtm\u00e4\u00dfigkeit, f\u00fcr die Tatsache, dass die Einwilligung widerrufen wurde.<\/span><\/p>\n<p data-syno-style=\"{\" data-syno-marks=\"[{\"><span data-syno-text=\"true\">\u00a0<\/span><\/p>\n<p data-syno-style=\"{\" data-syno-marks=\"[{\"><span data-syno-text=\"true\"><u>An welche Empf\u00e4nger werden Cookies \u00fcbermittelt oder k\u00f6nnen sie darauf zugreifen?<\/u><\/span><\/p>\n<p data-syno-style=\"{\" data-syno-marks=\"[{\"><span data-syno-text=\"true\">Wenn es Third-Party Cookies gibt,<\/span>\u00a0<span data-syno-text=\"true\">wie oben angegeben, k\u00f6nnen diese Drittanbietern auf Cookies zugreifen und diese auf die oben beschriebene Weise verwenden.<\/span><\/p>\n<p data-syno-style=\"{\" data-syno-marks=\"[{\"><span data-syno-text=\"true\"><u>Welche Rechte haben Sie in Bezug auf die Verwendung von Cookies auf dieser Webseite?<\/u><\/span><\/p>\n<p data-syno-style=\"{\" data-syno-marks=\"[{\"><span data-syno-text=\"true\">Nach den geltenden Vorschriften hat jeder das Recht, eine Best\u00e4tigung dar\u00fcber zu erhalten, ob personenbezogene Daten, die ihn betreffen, verarbeitet werden oder nicht. Ebenso haben interessierte Personen das Recht, auf ihre Daten zuzugreifen sowie die Berichtigung ungenauer Daten zu beantragen oder gegebenenfalls deren L\u00f6schung zu beantragen, wenn die Daten unter anderem f\u00fcr die Zwecke, f\u00fcr die sie nicht mehr erforderlich sind, erforderlich sind wurden gesammelt. Im Falle von Cookies k\u00f6nnen diese Rechte vorbehaltlich der Einschr\u00e4nkungen ausge\u00fcbt werden, die sich aus der Art dieser Dateien ergeben.<\/span><\/p>\n<p data-syno-style=\"{\" data-syno-marks=\"[{\"><span data-syno-text=\"true\">Unter den in der Allgemeinen Datenschutzverordnung vorgesehenen Bedingungen k\u00f6nnen die interessierten Parteien die Einschr\u00e4nkung der Behandlung ihrer Daten oder ihrer Portabilit\u00e4t beantragen. In diesem Fall werden wir sie nur zur Aus\u00fcbung oder Verteidigung von Anspr\u00fcchen aufbewahren.<\/span><\/p>\n<p data-syno-style=\"{\" data-syno-marks=\"[{\"><span data-syno-text=\"true\">Unter bestimmten Umst\u00e4nden und aus Gr\u00fcnden, die mit ihrer jeweiligen Situation zusammenh\u00e4ngen, k\u00f6nnen die interessierten Parteien der Verarbeitung ihrer Daten widersprechen. Wenn Sie eine Einwilligung f\u00fcr einen bestimmten Zweck erteilt haben, haben Sie das Recht, diese jederzeit zu widerrufen, ohne die Rechtm\u00e4\u00dfigkeit der Behandlung aufgrund der Einwilligung vor ihrem Widerruf zu beeintr\u00e4chtigen. In diesen F\u00e4llen werden wir die Verarbeitung der Daten einstellen oder gegebenenfalls f\u00fcr diesen bestimmten Zweck einstellen, au\u00dfer aus zwingenden berechtigten Gr\u00fcnden oder zur Aus\u00fcbung oder Verteidigung m\u00f6glicher Anspr\u00fcche.<\/span><\/p>\n<p data-syno-style=\"{\" data-syno-marks=\"[{\"><span data-syno-text=\"true\">Angesichts einer Verletzung Ihrer Rechte, insbesondere wenn Sie mit Ihrer Aus\u00fcbung nicht zufrieden sind, k\u00f6nnen Sie eine Klage bei der spanischen Datenschutzbeh\u00f6rde (Kontaktdaten unter www.agpd.es) oder einer anderen zust\u00e4ndigen Kontrollbeh\u00f6rde einreichen.<\/span>\u00a0<span data-syno-text=\"true\">Weitere Informationen zu Ihren Rechten erhalten Sie auch, indem Sie sich an diese Organisationen wenden.<\/span><\/p>\n<p data-syno-style=\"{\" data-syno-marks=\"[{\"><span data-syno-text=\"true\"><u>Wie kann ich Cookies verwalten?<\/u><\/span><\/p>\n<p data-syno-style=\"{\" data-syno-marks=\"[{\">Sie k\u00f6nnen die auf Ihrem PC installierten\u00a0<span class=\"il\">Cookies<\/span>\u00a0zulassen, blockieren oder l\u00f6schen, indem Sie auf den folgenden Link klicken:\u00a0<a class=\"medium cli-plugin-button cli-plugin-main-button cli_settings_button\" tabindex=\"0\" role=\"button\">[cky_settings]<\/a><\/p>\n<p data-syno-style=\"{\" data-syno-marks=\"[{\"><span lang=\"EN-GB\">Sie k\u00f6nnen auch Ihre Browseroptionen konfigurieren.\u00a0<\/span>Informationen dazu in Bezug auf die g\u00e4ngigsten Browser finden Sie unter den folgenden Links:<\/p>\n\n<ul>\n \t<li>\n<p data-syno-style=\"{\" data-syno-marks=\"[{\">Explorer<span data-syno-text=\"true\">:\u00a0<\/span><a href=\"https:\/\/support.microsoft.com\/es-es\/help\/17442\/windows-internet-explorer-delete-manage-cookies\" target=\"_blank\" rel=\"noopener\"><span data-syno-text=\"true\"><u>https:\/\/support.microsoft.com\/es-es\/help\/17442\/windows-internet-explorer-delete-manage-cookies<\/u><\/span><\/a><\/p>\n<\/li>\n \t<li>\n<p data-syno-style=\"{\" data-syno-marks=\"[{\">Firefox<span data-syno-text=\"true\">:\u00a0<\/span><a href=\"https:\/\/support.mozilla.org\/es\/kb\/habilitar-y-deshabilitar-cookies-que-los-sitios-we\" target=\"_blank\" rel=\"noopener\"><span data-syno-text=\"true\"><u>https:\/\/support.mozilla.org\/es\/kb\/habilitar-y-deshabilitar-cookies-que-los-sitios-we<\/u><\/span><\/a><\/p>\n<\/li>\n \t<li>\n<p data-syno-style=\"{\" data-syno-marks=\"[{\">Chrome<span data-syno-text=\"true\">:\u00a0<\/span><a href=\"http:\/\/support.google.com\/chrome\/bin\/answer.py?hl=es&amp;answer=95647\" target=\"_blank\" rel=\"noopener\"><span data-syno-text=\"true\"><u>http:\/\/support.google.com\/chrome\/bin\/answer.py?hl=es&amp;answer=9564<\/u><\/span><span data-syno-text=\"true\"><u>7<\/u><\/span><\/a><\/p>\n<\/li>\n \t<li>\n<p data-syno-style=\"{\" data-syno-marks=\"[]\">Safari<span data-syno-text=\"true\">:\u00a0<\/span><span data-syno-text=\"true\"><a class=\"syno-o-doc-pm-mark-link\" href=\"https:\/\/support.apple.com\/es-es\/guide\/safari\/sfri11471\/mac\" target=\"_blank\" rel=\"noopener noreferrer\"><u>https:\/\/support.apple.com\/es-es\/guide\/safari\/sfri11471\/mac<\/u><\/a><\/span><\/p>\n<p data-syno-style=\"{\" data-syno-marks=\"[]\"><\/p>\n<\/li>\n<\/ul>\n<\/div>\n<\/section><\/div>\n<\/div>\n<\/div>\n<\/section><section class=\"av_textblock_section av-9n9fz-87a3073387800d421e7dcecd7e1354d2 \">\n<div class=\"avia_textblock\"><\/div>\n<\/section>\t\t\t\t\t\t\t\t<\/div>\n\t\t\t\t<\/div>\n\t\t\t\t\t<\/div>\n\t\t\t\t<\/div>\n\t\t\t\t<\/div>\n\t\t","protected":false},"excerpt":{"rendered":"<p>Cookie-Richtlinien Was ist ein Cookie? Ein Cookie ist eine Textdatei, die auf Ihren PC heruntergeladen wird, wenn Sie auf bestimmte Webseiten zugreifen. Die Cookies erm\u00f6glichen es, einer Webseite (unter anderem) Informationen \u00fcber die Surfgewohnheiten eines Benutzers oder seines Teams zu speichern und abzurufen. Dies h\u00e4ngt von den darin enthaltenen Informationen und der Art und Weise [&hellip;]<\/p>\n","protected":false},"author":1,"featured_media":0,"parent":0,"menu_order":0,"comment_status":"closed","ping_status":"closed","template":"elementor_header_footer","meta":{"footnotes":""},"class_list":["post-1430","page","type-page","status-publish","hentry"],"yoast_head":"<!-- This site is optimized with the Yoast SEO plugin v25.5 - https:\/\/yoast.com\/wordpress\/plugins\/seo\/ -->\n<title>Cookies - Alib\u00e9rico<\/title>\n<meta name=\"robots\" content=\"index, follow, max-snippet:-1, max-image-preview:large, max-video-preview:-1\" \/>\n<link rel=\"canonical\" href=\"https:\/\/www.aliberico.com\/politica-de-cookies\/\" \/>\n<meta property=\"og:locale\" content=\"de_DE\" \/>\n<meta property=\"og:type\" content=\"article\" \/>\n<meta property=\"og:title\" content=\"Cookies - Alib\u00e9rico\" \/>\n<meta property=\"og:description\" content=\"Cookie-Richtlinien Was ist ein Cookie? Ein Cookie ist eine Textdatei, die auf Ihren PC heruntergeladen wird, wenn Sie auf bestimmte Webseiten zugreifen. Die Cookies erm\u00f6glichen es, einer Webseite (unter anderem) Informationen \u00fcber die Surfgewohnheiten eines Benutzers oder seines Teams zu speichern und abzurufen. Dies h\u00e4ngt von den darin enthaltenen Informationen und der Art und Weise [&hellip;]\" \/>\n<meta property=\"og:url\" content=\"https:\/\/www.aliberico.com\/politica-de-cookies\/\" \/>\n<meta property=\"og:site_name\" content=\"Alib\u00e9rico\" \/>\n<meta property=\"article:modified_time\" content=\"2025-01-21T11:33:51+00:00\" \/>\n<meta name=\"twitter:card\" content=\"summary_large_image\" \/>\n<meta name=\"twitter:label1\" content=\"Gesch\u00e4tzte Lesezeit\" \/>\n\t<meta name=\"twitter:data1\" content=\"6\u00a0Minuten\" \/>\n<script type=\"application\/ld+json\" class=\"yoast-schema-graph\">{\"@context\":\"https:\/\/schema.org\",\"@graph\":[{\"@type\":\"WebPage\",\"@id\":\"https:\/\/www.aliberico.com\/politica-de-cookies\/\",\"url\":\"https:\/\/www.aliberico.com\/politica-de-cookies\/\",\"name\":\"Cookies - Alib\u00e9rico\",\"isPartOf\":{\"@id\":\"https:\/\/www.aliberico.com\/#website\"},\"datePublished\":\"2023-11-10T11:53:23+00:00\",\"dateModified\":\"2025-01-21T11:33:51+00:00\",\"breadcrumb\":{\"@id\":\"https:\/\/www.aliberico.com\/politica-de-cookies\/#breadcrumb\"},\"inLanguage\":\"de\",\"potentialAction\":[{\"@type\":\"ReadAction\",\"target\":[\"https:\/\/www.aliberico.com\/politica-de-cookies\/\"]}]},{\"@type\":\"BreadcrumbList\",\"@id\":\"https:\/\/www.aliberico.com\/politica-de-cookies\/#breadcrumb\",\"itemListElement\":[{\"@type\":\"ListItem\",\"position\":1,\"name\":\"Home\",\"item\":\"https:\/\/www.aliberico.com\/de\/\"},{\"@type\":\"ListItem\",\"position\":2,\"name\":\"Cookies\"}]},{\"@type\":\"WebSite\",\"@id\":\"https:\/\/www.aliberico.com\/#website\",\"url\":\"https:\/\/www.aliberico.com\/\",\"name\":\"Alib\u00e9rico\",\"description\":\"L\u00edderes en Aluminio\",\"publisher\":{\"@id\":\"https:\/\/www.aliberico.com\/#organization\"},\"potentialAction\":[{\"@type\":\"SearchAction\",\"target\":{\"@type\":\"EntryPoint\",\"urlTemplate\":\"https:\/\/www.aliberico.com\/?s={search_term_string}\"},\"query-input\":{\"@type\":\"PropertyValueSpecification\",\"valueRequired\":true,\"valueName\":\"search_term_string\"}}],\"inLanguage\":\"de\"},{\"@type\":\"Organization\",\"@id\":\"https:\/\/www.aliberico.com\/#organization\",\"name\":\"Alib\u00e9rico\",\"url\":\"https:\/\/www.aliberico.com\/\",\"logo\":{\"@type\":\"ImageObject\",\"inLanguage\":\"de\",\"@id\":\"https:\/\/www.aliberico.com\/#\/schema\/logo\/image\/\",\"url\":\"https:\/\/www.aliberico.com\/wp-content\/uploads\/2023\/11\/Logo-Aliberico.png\",\"contentUrl\":\"https:\/\/www.aliberico.com\/wp-content\/uploads\/2023\/11\/Logo-Aliberico.png\",\"width\":1726,\"height\":641,\"caption\":\"Alib\u00e9rico\"},\"image\":{\"@id\":\"https:\/\/www.aliberico.com\/#\/schema\/logo\/image\/\"}}]}<\/script>\n<!-- \/ Yoast SEO plugin. -->","yoast_head_json":{"title":"Cookies - Alib\u00e9rico","robots":{"index":"index","follow":"follow","max-snippet":"max-snippet:-1","max-image-preview":"max-image-preview:large","max-video-preview":"max-video-preview:-1"},"canonical":"https:\/\/www.aliberico.com\/politica-de-cookies\/","og_locale":"de_DE","og_type":"article","og_title":"Cookies - Alib\u00e9rico","og_description":"Cookie-Richtlinien Was ist ein Cookie? Ein Cookie ist eine Textdatei, die auf Ihren PC heruntergeladen wird, wenn Sie auf bestimmte Webseiten zugreifen. Die Cookies erm\u00f6glichen es, einer Webseite (unter anderem) Informationen \u00fcber die Surfgewohnheiten eines Benutzers oder seines Teams zu speichern und abzurufen. Dies h\u00e4ngt von den darin enthaltenen Informationen und der Art und Weise [&hellip;]","og_url":"https:\/\/www.aliberico.com\/politica-de-cookies\/","og_site_name":"Alib\u00e9rico","article_modified_time":"2025-01-21T11:33:51+00:00","twitter_card":"summary_large_image","twitter_misc":{"Gesch\u00e4tzte Lesezeit":"6\u00a0Minuten"},"schema":{"@context":"https:\/\/schema.org","@graph":[{"@type":"WebPage","@id":"https:\/\/www.aliberico.com\/politica-de-cookies\/","url":"https:\/\/www.aliberico.com\/politica-de-cookies\/","name":"Cookies - Alib\u00e9rico","isPartOf":{"@id":"https:\/\/www.aliberico.com\/#website"},"datePublished":"2023-11-10T11:53:23+00:00","dateModified":"2025-01-21T11:33:51+00:00","breadcrumb":{"@id":"https:\/\/www.aliberico.com\/politica-de-cookies\/#breadcrumb"},"inLanguage":"de","potentialAction":[{"@type":"ReadAction","target":["https:\/\/www.aliberico.com\/politica-de-cookies\/"]}]},{"@type":"BreadcrumbList","@id":"https:\/\/www.aliberico.com\/politica-de-cookies\/#breadcrumb","itemListElement":[{"@type":"ListItem","position":1,"name":"Home","item":"https:\/\/www.aliberico.com\/de\/"},{"@type":"ListItem","position":2,"name":"Cookies"}]},{"@type":"WebSite","@id":"https:\/\/www.aliberico.com\/#website","url":"https:\/\/www.aliberico.com\/","name":"Alib\u00e9rico","description":"L\u00edderes en Aluminio","publisher":{"@id":"https:\/\/www.aliberico.com\/#organization"},"potentialAction":[{"@type":"SearchAction","target":{"@type":"EntryPoint","urlTemplate":"https:\/\/www.aliberico.com\/?s={search_term_string}"},"query-input":{"@type":"PropertyValueSpecification","valueRequired":true,"valueName":"search_term_string"}}],"inLanguage":"de"},{"@type":"Organization","@id":"https:\/\/www.aliberico.com\/#organization","name":"Alib\u00e9rico","url":"https:\/\/www.aliberico.com\/","logo":{"@type":"ImageObject","inLanguage":"de","@id":"https:\/\/www.aliberico.com\/#\/schema\/logo\/image\/","url":"https:\/\/www.aliberico.com\/wp-content\/uploads\/2023\/11\/Logo-Aliberico.png","contentUrl":"https:\/\/www.aliberico.com\/wp-content\/uploads\/2023\/11\/Logo-Aliberico.png","width":1726,"height":641,"caption":"Alib\u00e9rico"},"image":{"@id":"https:\/\/www.aliberico.com\/#\/schema\/logo\/image\/"}}]}},"_links":{"self":[{"href":"https:\/\/www.aliberico.com\/de\/wp-json\/wp\/v2\/pages\/1430","targetHints":{"allow":["GET"]}}],"collection":[{"href":"https:\/\/www.aliberico.com\/de\/wp-json\/wp\/v2\/pages"}],"about":[{"href":"https:\/\/www.aliberico.com\/de\/wp-json\/wp\/v2\/types\/page"}],"author":[{"embeddable":true,"href":"https:\/\/www.aliberico.com\/de\/wp-json\/wp\/v2\/users\/1"}],"replies":[{"embeddable":true,"href":"https:\/\/www.aliberico.com\/de\/wp-json\/wp\/v2\/comments?post=1430"}],"version-history":[{"count":0,"href":"https:\/\/www.aliberico.com\/de\/wp-json\/wp\/v2\/pages\/1430\/revisions"}],"wp:attachment":[{"href":"https:\/\/www.aliberico.com\/de\/wp-json\/wp\/v2\/media?parent=1430"}],"curies":[{"name":"wp","href":"https:\/\/api.w.org\/{rel}","templated":true}]}}